{"id":289,"date":"2025-07-07T14:14:27","date_gmt":"2025-07-07T14:14:27","guid":{"rendered":"https:\/\/yailusttilus.es\/index.php\/producto\/boticario-por-recargo\/"},"modified":"2025-07-30T10:19:01","modified_gmt":"2025-07-30T10:19:01","slug":"boticario-por-recargo","status":"publish","type":"product","link":"https:\/\/yailusttilus.es\/index.php\/producto\/boticario-por-recargo\/","title":{"rendered":"boticario por recargo"},"content":{"rendered":"","protected":false},"excerpt":{"rendered":"<p>Em resumo, a ess\u00eancia do Coffee Woman Seduction \u00e9 uma combina\u00e7\u00e3o doce e intensa, com um equil\u00edbrio entre o frutado, o floral delicado, as notas quentes de chocolate branco e a profundidade do caf\u00e9 e das madeiras. Ele \u00e9 projetado para ser sensual, viciante e memor\u00e1vel. Este perfume de origem Brasile\u00f1o se comercializapor encargo.<\/p>\n","protected":false},"featured_media":290,"comment_status":"open","ping_status":"closed","template":"","meta":[],"product_brand":[],"product_cat":[36],"product_tag":[],"class_list":{"0":"post-289","1":"product","2":"type-product","3":"status-publish","4":"has-post-thumbnail","6":"product_cat-perfumes","8":"first","9":"instock","10":"shipping-taxable","11":"purchasable","12":"product-type-simple"},"_links":{"self":[{"href":"https:\/\/yailusttilus.es\/index.php\/wp-json\/wp\/v2\/product\/289","targetHints":{"allow":["GET"]}}],"collection":[{"href":"https:\/\/yailusttilus.es\/index.php\/wp-json\/wp\/v2\/product"}],"about":[{"href":"https:\/\/yailusttilus.es\/index.php\/wp-json\/wp\/v2\/types\/product"}],"replies":[{"embeddable":true,"href":"https:\/\/yailusttilus.es\/index.php\/wp-json\/wp\/v2\/comments?post=289"}],"wp:featuredmedia":[{"embeddable":true,"href":"https:\/\/yailusttilus.es\/index.php\/wp-json\/wp\/v2\/media\/290"}],"wp:attachment":[{"href":"https:\/\/yailusttilus.es\/index.php\/wp-json\/wp\/v2\/media?parent=289"}],"wp:term":[{"taxonomy":"product_brand","embeddable":true,"href":"https:\/\/yailusttilus.es\/index.php\/wp-json\/wp\/v2\/product_brand?post=289"},{"taxonomy":"product_cat","embeddable":true,"href":"https:\/\/yailusttilus.es\/index.php\/wp-json\/wp\/v2\/product_cat?post=289"},{"taxonomy":"product_tag","embeddable":true,"href":"https:\/\/yailusttilus.es\/index.php\/wp-json\/wp\/v2\/product_tag?post=289"}],"curies":[{"name":"wp","href":"https:\/\/api.w.org\/{rel}","templated":true}]}}