{"id":298,"date":"2025-07-07T14:17:04","date_gmt":"2025-07-07T14:17:04","guid":{"rendered":"https:\/\/yailusttilus.es\/index.php\/producto\/floratta-rose-eau-de-tolirtte-75ml\/"},"modified":"2025-07-30T10:19:02","modified_gmt":"2025-07-30T10:19:02","slug":"floratta-rose-eau-de-tolirtte-75ml","status":"publish","type":"product","link":"https:\/\/yailusttilus.es\/index.php\/producto\/floratta-rose-eau-de-tolirtte-75ml\/","title":{"rendered":"floratta rose Eau de tolirtte 75ml"},"content":{"rendered":"","protected":false},"excerpt":{"rendered":"<p>En resumen, la esencia del Floratta Rose es una combinaci\u00f3n armoniosa de rosas frescas y delicadas con un toque frutal alegre y chispeante en la salida, todo ello suavizado por un fondo almizclado y amaderado que aporta elegancia y fijaci\u00f3n. Es una fragancia que evoca la sensaci\u00f3n de un ramo de flores reci\u00e9n cortadas, ideal para quienes buscan un aroma femenino, rom\u00e1ntico y ligero.Este perfume de origem Brasile\u00f1o se comercializa por encargo.<\/p>\n","protected":false},"featured_media":299,"comment_status":"open","ping_status":"closed","template":"","meta":[],"product_brand":[],"product_cat":[36],"product_tag":[],"class_list":{"0":"post-298","1":"product","2":"type-product","3":"status-publish","4":"has-post-thumbnail","6":"product_cat-perfumes","8":"first","9":"instock","10":"shipping-taxable","11":"purchasable","12":"product-type-simple"},"_links":{"self":[{"href":"https:\/\/yailusttilus.es\/index.php\/wp-json\/wp\/v2\/product\/298","targetHints":{"allow":["GET"]}}],"collection":[{"href":"https:\/\/yailusttilus.es\/index.php\/wp-json\/wp\/v2\/product"}],"about":[{"href":"https:\/\/yailusttilus.es\/index.php\/wp-json\/wp\/v2\/types\/product"}],"replies":[{"embeddable":true,"href":"https:\/\/yailusttilus.es\/index.php\/wp-json\/wp\/v2\/comments?post=298"}],"wp:featuredmedia":[{"embeddable":true,"href":"https:\/\/yailusttilus.es\/index.php\/wp-json\/wp\/v2\/media\/299"}],"wp:attachment":[{"href":"https:\/\/yailusttilus.es\/index.php\/wp-json\/wp\/v2\/media?parent=298"}],"wp:term":[{"taxonomy":"product_brand","embeddable":true,"href":"https:\/\/yailusttilus.es\/index.php\/wp-json\/wp\/v2\/product_brand?post=298"},{"taxonomy":"product_cat","embeddable":true,"href":"https:\/\/yailusttilus.es\/index.php\/wp-json\/wp\/v2\/product_cat?post=298"},{"taxonomy":"product_tag","embeddable":true,"href":"https:\/\/yailusttilus.es\/index.php\/wp-json\/wp\/v2\/product_tag?post=298"}],"curies":[{"name":"wp","href":"https:\/\/api.w.org\/{rel}","templated":true}]}}